{"id":1894,"date":"2021-07-18T01:05:21","date_gmt":"2021-07-18T01:05:21","guid":{"rendered":"https:\/\/construire-eu.dnstemporaire.fr\/?page_id=1894"},"modified":"2025-10-21T14:27:55","modified_gmt":"2025-10-21T14:27:55","slug":"home","status":"publish","type":"page","link":"https:\/\/www.construire.eu\/en\/","title":{"rendered":"Home"},"content":{"rendered":"<section class=\"gb-container gb-container-097d555a\" style=\"--background-image: url(https:\/\/www.construire.eu\/wp-content\/uploads\/2021\/07\/engineerreviewingseismicdataonmultiplescreensfocusedonanalysisandinterpretation.jpg);\">\n<div class=\"gb-container gb-container-c065edd9\">\n<div class=\"gb-container gb-container-190007bf\">\n\n<h1 class=\"gb-headline gb-headline-92594c1a gb-headline-text\">Optimize<br><mark class=\"gb-highlight\">The Sizing<\/mark> <br>of your geothermal system<\/h1>\n\n\n\n<p class=\"gb-headline gb-headline-6e4aeaf8 gb-headline-text\">Optimize your geothermal projects with our innovative applications. Designed for engineers and consultants, our tools simplify the sizing of <a href=\"https:\/\/www.construire.eu\/solutions\/applications-for-geothermal-borehole\/\">geothermal probe fields<\/a> and <a href=\"https:\/\/www.construire.eu\/solutions\/application-for-groundwater-doublets\/\">groundwater doublets<\/a>, ensuring efficiency, sustainability, and regulatory compliance.<\/p>\n\n\n<div class=\"gb-container gb-container-f7871ea3\">\n\n<a class=\"gb-button gb-button-a8a4badd\" href=\"https:\/\/www.construire.eu\/en\/solutions\/\"><span class=\"gb-button-text\">our solutions<\/span><span class=\"gb-icon\"><svg aria-hidden=\"true\" role=\"img\" height=\"1em\" width=\"1em\" viewBox=\"0 0 256 512\" xmlns=\"http:\/\/www.w3.org\/2000\/svg\"><path fill=\"currentColor\" d=\"M224.3 273l-136 136c-9.4 9.4-24.6 9.4-33.9 0l-22.6-22.6c-9.4-9.4-9.4-24.6 0-33.9l96.4-96.4-96.4-96.4c-9.4-9.4-9.4-24.6 0-33.9L54.3 103c9.4-9.4 24.6-9.4 33.9 0l136 136c9.5 9.4 9.5 24.6.1 34z\"><\/path><\/svg><\/span><\/a>\n\n\n\n<a class=\"gb-button gb-button-fc42c45a\" href=\"https:\/\/www.construire.eu\/en\/contact-us\/\"><span class=\"gb-button-text\">Get in touch<\/span><span class=\"gb-icon\"><svg aria-hidden=\"true\" role=\"img\" height=\"1em\" width=\"1em\" viewBox=\"0 0 256 512\" xmlns=\"http:\/\/www.w3.org\/2000\/svg\"><path fill=\"currentColor\" d=\"M224.3 273l-136 136c-9.4 9.4-24.6 9.4-33.9 0l-22.6-22.6c-9.4-9.4-9.4-24.6 0-33.9l96.4-96.4-96.4-96.4c-9.4-9.4-9.4-24.6 0-33.9L54.3 103c9.4-9.4 24.6-9.4 33.9 0l136 136c9.5 9.4 9.5 24.6.1 34z\"><\/path><\/svg><\/span><\/a>\n\n<\/div>\n<\/div>\n<\/div>\n<\/section>\n\n<section class=\"gb-container gb-container-2dd674d5\">\n<div class=\"gb-grid-wrapper gb-grid-wrapper-09fe3933\">\n<div class=\"gb-grid-column gb-grid-column-91435a0e\"><div class=\"gb-container gb-container-91435a0e\">\n\n<h2 class=\"gb-headline gb-headline-560623bb gb-headline-text\">Intuitive Solutions<\/h2>\n\n\n\n<figure class=\"gb-block-image gb-block-image-b84d0242\"><img loading=\"lazy\" decoding=\"async\" width=\"1024\" height=\"626\" class=\"gb-image gb-image-b84d0242 image-shadow img\" src=\"https:\/\/www.construire.eu\/wp-content\/uploads\/2025\/10\/intuitive-solutions-1024x626.jpg\" alt=\"\" title=\"Intuitive Solutions\" srcset=\"https:\/\/www.construire.eu\/wp-content\/uploads\/2025\/10\/intuitive-solutions-1024x626.jpg 1024w, https:\/\/www.construire.eu\/wp-content\/uploads\/2025\/10\/intuitive-solutions-300x183.jpg 300w, https:\/\/www.construire.eu\/wp-content\/uploads\/2025\/10\/intuitive-solutions-768x469.jpg 768w, https:\/\/www.construire.eu\/wp-content\/uploads\/2025\/10\/intuitive-solutions-1536x939.jpg 1536w, https:\/\/www.construire.eu\/wp-content\/uploads\/2025\/10\/intuitive-solutions-2048x1252.jpg 2048w\" sizes=\"auto, (max-width: 1024px) 100vw, 1024px\" \/><\/figure>\n\n\n\n<p class=\"gb-headline gb-headline-697cbf58 gb-headline-text\">User-friendly interfaces for precise thermal and fluid simulations.<\/p>\n\n\n\n<a class=\"gb-button gb-button-0c6630c3 gb-button-text\" href=\"https:\/\/www.construire.eu\/en\/solutions\/\">Discover our Solutions<\/a>\n\n<\/div><\/div>\n\n<div class=\"gb-grid-column gb-grid-column-e769288b\"><div class=\"gb-container gb-container-e769288b\">\n\n<h2 class=\"gb-headline gb-headline-5e5b9a2a gb-headline-text\">Optimized Performance<\/h2>\n\n\n\n<figure class=\"gb-block-image gb-block-image-4e215ac0\"><img loading=\"lazy\" decoding=\"async\" width=\"706\" height=\"508\" class=\"gb-image gb-image-4e215ac0 image-shadow img\" src=\"https:\/\/www.construire.eu\/wp-content\/uploads\/2025\/10\/benefits.jpg\" alt=\"\" title=\"Benefits\" srcset=\"https:\/\/www.construire.eu\/wp-content\/uploads\/2025\/10\/benefits.jpg 706w, https:\/\/www.construire.eu\/wp-content\/uploads\/2025\/10\/benefits-300x216.jpg 300w\" sizes=\"auto, (max-width: 706px) 100vw, 706px\" \/><\/figure>\n\n\n\n<p class=\"gb-headline gb-headline-6a111aa3 gb-headline-text\">Advanced modeling for reliable long-term results.<\/p>\n\n\n\n<a class=\"gb-button gb-button-7538881d gb-button-text\" href=\"https:\/\/www.construire.eu\/en\/solutions\/\">Explore their Benefits<\/a>\n\n<\/div><\/div>\n\n<div class=\"gb-grid-column gb-grid-column-f5bb5565\"><div class=\"gb-container gb-container-f5bb5565\">\n\n<h2 class=\"gb-headline gb-headline-830d764e gb-headline-text\">Global Accessibility<\/h2>\n\n\n\n<figure class=\"gb-block-image gb-block-image-c2d52e8c\"><img loading=\"lazy\" decoding=\"async\" width=\"851\" height=\"621\" class=\"gb-image gb-image-c2d52e8c image-shadow img\" src=\"https:\/\/www.construire.eu\/wp-content\/uploads\/2025\/10\/global-accessibility.jpg\" alt=\"\" title=\"Global Accessibility\" srcset=\"https:\/\/www.construire.eu\/wp-content\/uploads\/2025\/10\/global-accessibility.jpg 851w, https:\/\/www.construire.eu\/wp-content\/uploads\/2025\/10\/global-accessibility-300x219.jpg 300w, https:\/\/www.construire.eu\/wp-content\/uploads\/2025\/10\/global-accessibility-768x560.jpg 768w\" sizes=\"auto, (max-width: 851px) 100vw, 851px\" \/><\/figure>\n\n\n\n<p class=\"gb-headline gb-headline-e46bbbca gb-headline-text\">Available from 2025 on our platform.<\/p>\n\n\n\n<a class=\"gb-button gb-button-4318dde4 gb-button-text\" href=\"https:\/\/www.construire.eu\/en\/solutions\/\">Revolutionize your energy Projects Today!<\/a>\n\n<\/div><\/div>\n<\/div>\n<\/section>\n\n<section class=\"gb-container gb-container-7af0f005\">\n<div class=\"gb-container gb-container-7ca36e18\"><\/div>\n\n<div class=\"gb-container gb-container-0e6045f8\">\n\n<h2 class=\"gb-headline gb-headline-504677c5 gb-headline-text\">Multi-sector expertise<\/h2>\n\n\n\n<p class=\"gb-headline gb-headline-0e3dc625 gb-headline-text\">L\u2019\u00e9quipe CONSTRUIRE optimise la qualit\u00e9 et la performance des projets qu\u2019elle prend en charge, par l\u2019utilisation des derni\u00e8res techniques de conception 2D, 3D, 4D (ou BIM) et r\u00e9alit\u00e9 augment\u00e9e.<\/p>\n\n\n<div class=\"gb-grid-wrapper gb-grid-wrapper-71e2b687\">\n<div class=\"gb-grid-column gb-grid-column-5acdef30\"><div class=\"gb-container gb-container-5acdef30\">\n\n<h3 class=\"gb-headline gb-headline-7be30f71\"><span class=\"gb-icon\"><svg viewBox=\"0 0 91.92 87.95\" xmlns=\"http:\/\/www.w3.org\/2000\/svg\" data-name=\"Calque 1\" id=\"Calque_1\">   <path d=\"M5.64,13.31c2.87.75,4.63,3.6,4.02,6.5-.83,3.92,1.57,7.78,5.45,8.79,2.88.73,4.65,3.59,4.04,6.5-.82,3.87,1.51,7.7,5.32,8.75h.2l.1.08c2.31.66,3.89,2.75,3.95,5.11h1.95c-.02-1.33-.38-2.62-1.09-3.75-.98-1.6-2.53-2.75-4.37-3.26h-.2l-.09-.09c-2.77-.8-4.45-3.59-3.86-6.43.83-3.93-1.56-7.79-5.45-8.79-2.88-.75-4.65-3.61-4.02-6.5.82-3.92-1.59-7.78-5.48-8.78-2.87-.75-4.63-3.59-4.02-6.48.05-.25,0-.52-.14-.74-.14-.22-.36-.37-.61-.42-.53-.11-1.04.23-1.16.76-.82,3.92,1.59,7.77,5.48,8.76h0Z\"><\/path>   <path d=\"M62.73.01c-.54-.07-1.04.15-1.34.61-5.25,7.82-6.71,17.48-4,26.5l6.58,21.9h12.44c.64,0,1.27.05,1.89.12L63.84.97c-.16-.52-.57-.88-1.11-.96h0Z\"><\/path>   <path style=\"fill: #fff; stroke-width: 0px;\" d=\"M61.83,4.78c-.38-.05-.73.14-.94.54-3.54,6.69-2.35,14.86-.24,22.42l5.15,18.34,6.8-.23c.45-.01.9.02,1.34.06L62.64,5.56c-.12-.43-.81-.79-.81-.79Z\"><\/path>   <path d=\"M14.15,62.98c-1.69,0-3.06,1.37-3.06,3.04s1.37,3.06,3.06,3.06,3.04-1.37,3.04-3.06-1.36-3.04-3.04-3.04Z\"><\/path>   <path d=\"M76.4,87.95c8.38,0,15.2-6.67,15.5-14.97-2.68,5.99-8.7,10.06-15.5,10.06H15.53c-6.79,0-12.81-4.06-15.5-10.05.31,8.3,7.13,14.96,15.5,14.96h60.87Z\"><\/path>   <path d=\"M80.04,63.48c-.18-.03-.31-.05-.48-.05-1.43,0-2.6,1.16-2.6,2.59s1.17,2.6,2.6,2.6,2.61-1.17,2.61-2.6c0-1.24-.89-2.31-2.12-2.54h0Z\"><\/path>   <path d=\"M27.55,11.54c.33.23.73.28,1.09.14l3.26-1.14c1.69-.58,3.48.29,4.07,1.96l.81,2.31c1.2,3.46-.49,7.29-3.85,8.7-.88.37-1.33,1.25-1.04,2.06l8.17,23.44h16.06S41.19,6.16,41.19,6.16c-.99-2.84-4.04-4.41-6.94-3.58l-2.16.64c-3.1,1.08-5.15,4.05-5.06,7.39.01.36.2.7.52.92h0Z\"><\/path>   <path style=\"fill: #fff; stroke-width: 0px;\" d=\"M33.38,8.44c1.3-.32,3.93.55,4.77,4.13l.69,2.09c1.83,8.47-4.25,10.06-4.01,10.79l7.03,20.81,10.58.04L39.67,7.52c-.85-2.57-2.51-3.6-4.34-3.38,0,0-5.72,1.22-5.48,4.29.03.33.06.57.3.75l3.23-.74Z\"><\/path>   <path d=\"M79.19,50.75h0c-.92-.17-1.84-.25-2.79-.25H15.53c-8.56,0-15.53,6.96-15.53,15.53,0,1.05.1,2.07.29,3.05,1.44,7.24,7.85,12.5,15.23,12.5h60.87c7.39,0,13.79-5.25,15.22-12.48.21-.98.31-2,.31-3.05,0-7.54-5.35-13.96-12.73-15.29h0ZM88.32,66.04c0,6.57-5.35,11.93-11.93,11.93H15.53c-6.57,0-11.91-5.35-11.91-11.93,0-3.1,1.18-6.04,3.32-8.26,2.22-2.34,5.36-3.68,8.59-3.68h60.87c1.74,0,3.41.37,4.98,1.1l.42.21c1.17.58,2.25,1.38,3.21,2.38,2.13,2.21,3.31,5.14,3.31,8.23v.02Z\"><\/path> <\/svg><\/span><span class=\"gb-headline-text\">Multi-sector engineering<\/span><\/h3>\n\n\n\n<p class=\"gb-headline gb-headline-7f1ea1ed gb-headline-text\">Expertise in all trades covering multiple technical fields.<\/p>\n\n<\/div><\/div>\n\n<div class=\"gb-grid-column gb-grid-column-e88d48b9\"><div class=\"gb-container gb-container-e88d48b9\">\n\n<h3 class=\"gb-headline gb-headline-2d6f2544\"><span class=\"gb-icon\"><svg viewBox=\"0 0 492.6 508\" xmlns=\"http:\/\/www.w3.org\/2000\/svg\" data-name=\"Calque 1\" id=\"Calque_1\">   <path d=\"M99.2,340.7c16.8-16.4,39-25.5,62.5-25.5h128.2c9,0,16.3,7.3,16.3,16.3s-7.3,16.3-16.3,16.3h-44.7c-15.6,0-28.4,12.7-28.4,28.4s12.7,28.4,28.4,28.4h113l98.4-89.9c4.6-4.2,11.7-4.1,16.1.3,2.3,2.3,3.5,5.3,3.5,8.5s-1.4,6.2-3.7,8.4l-86.7,81c-16.6,15.5-38.3,24-61,24h-138.9c-27.2,0-53.1,10.3-72.8,29.1l-31.8,30.2,11.2,11.8,31.8-30.2c16.7-15.9,38.6-24.6,61.6-24.6h138.9c26.9,0,52.5-10.1,72.1-28.4l86.8-80.9c5.6-5.2,8.8-12.3,8.9-20s-2.8-14.9-8.3-20.3c-10.6-10.5-27.5-10.9-38.5-.8l-93.8,85.6h-106.7c-6.7,0-12.1-5.4-12.1-12.1s5.4-12.1,12.1-12.1h44.7c18,0,32.6-14.6,32.6-32.6s-14.6-32.6-32.6-32.6h-128.3c-27.8,0-54,10.7-73.9,30.1L0,415l11.4,11.6,87.8-85.9Z\"><\/path>   <path d=\"M281.4,263.8c1.5,0,3,0,4.5-.1l20-.7,20.1.7c1.5.1,3,.1,4.5.1,33.2,0,63.8-12.4,86.7-35.3,23.9-23.9,36.4-56.2,35.2-91.1l-.9-28.2-28.2-.9c-15.4-.6-30.6,1.7-45,6.7-4.3-34.8-20.8-67-47.6-92.1L306.2,0l-24.4,22.8c-26.9,25.1-43.4,57.4-47.6,92.3-14.6-5.1-29.9-7.5-45.5-6.9l-28.2.9-.9,28.2c-1.2,34.9,11.3,67.2,35.2,91.1,22.8,22.9,53.4,35.4,86.6,35.4ZM379.3,131.8c13.8-5.4,28.3-7.8,43.3-7.4l13,.4.4,13c1,30.3-9.8,58.4-30.5,79.1-20.7,20.7-48.8,31.5-79.1,30.5h-.5l4.5-4.2c31.4-29.4,48.7-68.5,48.7-110.2.2-.4.2-.8.2-1.2ZM292.9,34.7l13.3-12.4,13.3,12.4c28.1,26.3,43.6,61.2,43.6,98.3s-15.5,72-43.6,98.3l-5.2,4.8v-78.8h-16.3v78.8l-5.2-4.8c-28.1-26.3-43.6-61.2-43.6-98.3.1-37.1,15.6-72,43.7-98.3ZM175.7,137.9l.4-13,13-.4c15.3-.4,30,2.1,43.9,7.6v1c0,41.7,17.3,80.8,48.7,110.2l4.5,4.2h-1c-30.5,1-58.4-9.8-79.1-30.5-20.6-20.7-31.4-48.8-30.4-79.1Z\"><\/path> <\/svg><\/span><span class=\"gb-headline-text\">Eco-friendly approach<\/span><\/h3>\n\n\n\n<p class=\"gb-headline gb-headline-f92db962 gb-headline-text\">A design with a focus on the building&#8217;s environmental impact.<\/p>\n\n<\/div><\/div>\n\n<div class=\"gb-grid-column gb-grid-column-88b71a1a\"><div class=\"gb-container gb-container-88b71a1a\">\n\n<h3 class=\"gb-headline gb-headline-12fe99ea\"><span class=\"gb-icon\"><svg id=\"Calque_1\" data-name=\"Calque 1\" xmlns=\"http:\/\/www.w3.org\/2000\/svg\" viewBox=\"0 0 87.68 67.23\">   <path d=\"M43.84,48.71c.63,0,1.2.26,1.61.67h0c.41.42.67.99.67,1.62s-.26,1.2-.67,1.61h0c-.41.42-.98.67-1.61.67s-1.2-.26-1.61-.67h0c-.41-.42-.67-.99-.67-1.62s.26-1.2.67-1.61h0c.41-.41.98-.67,1.61-.67ZM43.4,38.15l-15.86-9.16c-.24-.14-.38-.39-.38-.65h0v-3.89l-14.06,3.82v3.38c0,.42-.34.75-.75.75s-.75-.34-.75-.75V9.95c0-.42.33-.75.75-.75h15.37l2.02-1.17H12.27c-.51,0-.97.21-1.3.54-.34.34-.54.8-.54,1.3v21.04c0,.42-.34.75-.75.75s-.75-.34-.75-.75V9.87c0-.92.38-1.76.98-2.37.61-.61,1.45-.98,2.37-.98h20.09l3.14-1.82L43.46.1c.24-.14.54-.13.76,0l7.96,4.59s.03.02.04.02l3.11,1.79h20.09c.92,0,1.76.38,2.37.98.61.61.98,1.45.98,2.37v21.04c0,.42-.34.75-.75.75s-.75-.34-.75-.75V9.87c0-.51-.2-.97-.54-1.3-.34-.34-.8-.54-1.3-.54h-17.47s2.02,1.16,2.02,1.16h15.37c.42,0,.75.34.75.75v21.69c0,.42-.34.75-.75.75s-.75-.34-.75-.75v-3.38l-14.06-3.81v3.89c0,.3-.17.55-.43.68l-15.84,9.14c-.12.08-.27.13-.42.13-.16,0-.31-.05-.44-.14h0ZM27.15,22.89v-12.18h-14.06v16l14.06-3.81ZM60.52,10.7v12.18l14.06,3.81v-16h-14.06ZM28.66,27.9l14.42,8.32v-16.66s-14.41-8.32-14.41-8.32v16.66ZM44.59,36.23l14.42-8.32V11.25l-14.42,8.32v16.66ZM58.26,9.95l-3.45-1.99s-.09-.04-.12-.07l-3.23-1.86s-.03-.02-.04-.02l-7.58-4.38-7.59,4.38h0l-3.27,1.89s-.08.05-.12.07l-3.45,1.99,14.43,8.33,14.43-8.33ZM47.07,21.88l2.88,1.66c.36.21.82.09,1.03-.27s.09-.82-.27-1.03l-2.88-1.66c-.36-.21-.82-.09-1.03.27-.21.36-.09.82.27,1.03ZM52.9,25.24l2.88,1.66c.36.21.82.08,1.03-.28.21-.36.08-.82-.28-1.03l-2.88-1.66c-.36-.21-.82-.08-1.03.28-.21.36-.08.82.28,1.03ZM39.85,20.58l-2.88,1.66c-.36.21-.48.67-.28,1.03s.66.48,1.03.28l2.88-1.66c.36-.21.48-.66.28-1.03-.21-.36-.67-.48-1.03-.28ZM34.03,23.94l-2.88,1.66c-.36.21-.48.66-.28,1.03.21.36.66.48,1.03.28l2.88-1.66c.36-.21.48-.66.28-1.02-.21-.36-.67-.49-1.03-.28ZM43.2,4.99v3.33c0,.42.34.75.75.75s.75-.34.75-.75v-3.33c0-.42-.34-.75-.75-.75-.42,0-.75.34-.75.75ZM43.2,11.71v3.33c0,.42.34.75.75.75s.75-.34.75-.75v-3.33c0-.42-.34-.75-.75-.75s-.75.34-.75.75ZM80.07,29.75l3.98,1.08-6.21,1.68s-.04,0-.05.02l-2.62.71s-.04,0-.05.01l-31.27,8.48-31.27-8.48s-.03,0-.05-.01l-2.62-.71s-.04-.01-.05-.02l-6.2-1.68,3.98-1.08c.4-.11.64-.52.53-.93-.11-.4-.52-.64-.93-.53l-6.65,1.8c-.25.07-.46.26-.54.53-.11.4.13.82.53.93l8.36,2.27v18.91c0,.92.38,1.76.98,2.37.61.61,1.45.98,2.37.98h25.04l-1.95,5.72h-3.85c-.75,0-1.43.3-1.91.79h0c-.49.5-.8,1.17-.8,1.92s.3,1.42.79,1.91h0c.49.49,1.17.8,1.91.8h24.66c.74,0,1.42-.3,1.91-.79.49-.49.79-1.17.79-1.91s-.3-1.42-.79-1.91h0c-.49-.5-1.17-.8-1.91-.8h-3.85s-1.95-5.73-1.95-5.73h25.04c.92,0,1.76-.38,2.37-.98.61-.61.98-1.45.98-2.37v-18.91s8.36-2.27,8.36-2.27c.25-.07.46-.26.54-.53.11-.4-.13-.82-.53-.93l-6.66-1.8c-.4-.11-.82.13-.93.53-.11.4.13.81.53.92ZM77.26,34.23l-1.17.32v12.09c0,.42-.34.75-.75.75H12.35c-.42,0-.75-.33-.75-.75v-12.09l-1.17-.32v18.5c0,.51.2.97.54,1.3.34.34.8.54,1.3.54h63.15c.51,0,.97-.21,1.3-.54.34-.34.54-.8.54-1.3v-18.51ZM74.58,34.96l-30.54,8.29c-.14.04-.27.04-.4,0l-30.53-8.29v10.93h61.48s0-10.93,0-10.93ZM38.9,56.1h9.88l1.95,5.72h-13.77s1.94-5.72,1.94-5.72ZM56.17,63.33c.33,0,.63.13.85.35h0c.21.22.35.52.35.85s-.13.63-.35.85h0c-.21.22-.52.36-.85.36h-24.66c-.33,0-.63-.14-.85-.36h0c-.21-.22-.35-.52-.35-.85s.13-.63.35-.85c.22-.22.52-.35.85-.35h24.66ZM44.39,50.44h0c-.14-.14-.34-.23-.55-.23s-.41.09-.55.22h0c-.14.14-.22.34-.22.55s.09.41.22.55h0c.14.14.34.23.55.23s.41-.09.55-.22h0c.14-.14.22-.34.22-.55,0-.21-.08-.41-.22-.55Z\" style=\"fill: #; fill-rule: evenodd; stroke-width: 0px;\"><\/path> <\/svg><\/span><span class=\"gb-headline-text\">Latest generation technological tools<\/span><\/h3>\n\n\n\n<p class=\"gb-headline gb-headline-e3941d07 gb-headline-text\">Use of BIM and augmented reality.<\/p>\n\n<\/div><\/div>\n\n<div class=\"gb-grid-column gb-grid-column-11bfbc5e\"><div class=\"gb-container gb-container-11bfbc5e\">\n\n<h3 class=\"gb-headline gb-headline-d701fff2\"><span class=\"gb-icon\"><svg xmlns=\"http:\/\/www.w3.org\/2000\/svg\" viewBox=\"0 0 64 64\"><path d=\"M33 38.858c1.72-.447 3-1.999 3-3.858 0-2.206-1.794-4-4-4-1.103 0-2-.897-2-2s.897-2 2-2 2 .897 2 2h2c0-1.859-1.28-3.411-3-3.858V23h-2v2.142c-1.72.447-3 1.999-3 3.858 0 2.206 1.794 4 4 4 1.103 0 2 .897 2 2s-.897 2-2 2-2-.897-2-2h-2c0 1.859 1.28 3.411 3 3.858V41h2zM32 19c-7.168 0-13 5.832-13 13h2c0-6.065 4.935-11 11-11zM43 32c0 6.065-4.935 11-11 11v2c7.168 0 13-5.832 13-13zM21.6 8.164a25.899 25.899 0 00-8.319 5.792l1.439 1.389a23.952 23.952 0 017.681-5.349zM25.761 6.754a25.69 25.69 0 00-2.082.606l.642 1.895c.624-.211 1.27-.399 1.918-.56zM29.922 6.082c-.683.054-1.383.138-2.08.249l.316 1.975a23.11 23.11 0 011.92-.229z\"><\/path><path d=\"M32 3c7.747 0 15.029 3.017 20.506 8.494a1.03 1.03 0 001.414 0L56 9.414V17h-7.586l1.971-1.971a.999.999 0 000-1.414C45.474 8.704 38.945 6 32 6v2c6.076 0 11.808 2.243 16.249 6.337l-2.956 2.956A1 1 0 0046 19h11a1 1 0 001-1V7a1 1 0 00-1.707-.707l-3.091 3.091C47.437 3.97 39.947 1 32 1 14.907 1 1 14.906 1 32h2C3 16.01 16.009 3 32 3zM50.72 50.044l-1.439-1.389a23.952 23.952 0 01-7.681 5.349l.801 1.832a25.91 25.91 0 008.319-5.792zM38.239 57.246a25.69 25.69 0 002.082-.606l-.642-1.895c-.624.211-1.27.399-1.918.56zM34.078 57.918a26.638 26.638 0 002.08-.249l-.316-1.975a23.11 23.11 0 01-1.92.229z\"><\/path><path d=\"M61 32c0 15.99-13.009 29-29 29-7.747 0-15.029-3.017-20.506-8.494a1.03 1.03 0 00-1.414 0L8 54.586V47h7.586l-1.971 1.971a.999.999 0 000 1.414C18.526 55.296 25.055 58 32 58v-2c-6.076 0-11.808-2.243-16.249-6.337l2.956-2.956A1 1 0 0018 45H7a1 1 0 00-1 1v11a1 1 0 001.707.707l3.091-3.091C16.563 60.03 24.053 63 32 63c17.093 0 31-13.906 31-31z\"><\/path><path d=\"M49 32c0-9.374-7.626-17-17-17s-17 7.626-17 17 7.626 17 17 17 17-7.626 17-17zM32 47c-8.271 0-15-6.729-15-15s6.729-15 15-15 15 6.729 15 15-6.729 15-15 15z\"><\/path><\/svg><\/span><span class=\"gb-headline-text\">Optimization of coordination<\/span><\/h3>\n\n\n\n<p class=\"gb-headline gb-headline-e877ae8c gb-headline-text\">Better control of project costs and quality.<br><\/p>\n\n<\/div><\/div>\n<\/div>\n<\/div>\n<\/section>","protected":false},"excerpt":{"rendered":"<p>OptimizeThe Sizing of your geothermal system Optimize your geothermal projects with our innovative applications. Designed for engineers and consultants, our tools simplify the sizing of geothermal probe fields and groundwater doublets, ensuring efficiency, sustainability, and regulatory compliance. Multi-sector expertise L\u2019\u00e9quipe CONSTRUIRE optimise la qualit\u00e9 et la performance des projets qu\u2019elle prend en charge, par l\u2019utilisation &#8230; <a title=\"Home\" class=\"read-more\" href=\"https:\/\/www.construire.eu\/en\/\" aria-label=\"Read more about Home\">Read more<\/a><\/p>\n","protected":false},"author":1,"featured_media":0,"parent":0,"menu_order":0,"comment_status":"closed","ping_status":"closed","template":"","meta":{"iawp_total_views":4,"footnotes":""},"class_list":["post-1894","page","type-page","status-publish"],"yoast_head":"<!-- This site is optimized with the Yoast SEO plugin v26.9 - https:\/\/yoast.com\/product\/yoast-seo-wordpress\/ -->\n<title>Home - CONSTRUIRE<\/title>\n<meta name=\"robots\" content=\"index, follow, max-snippet:-1, max-image-preview:large, max-video-preview:-1\" \/>\n<link rel=\"canonical\" href=\"https:\/\/www.construire.eu\/en\/\" \/>\n<meta property=\"og:locale\" content=\"en_US\" \/>\n<meta property=\"og:type\" content=\"article\" \/>\n<meta property=\"og:title\" content=\"Home - CONSTRUIRE\" \/>\n<meta property=\"og:description\" content=\"OptimizeThe Sizing of your geothermal system Optimize your geothermal projects with our innovative applications. Designed for engineers and consultants, our tools simplify the sizing of geothermal probe fields and groundwater doublets, ensuring efficiency, sustainability, and regulatory compliance. Multi-sector expertise L\u2019\u00e9quipe CONSTRUIRE optimise la qualit\u00e9 et la performance des projets qu\u2019elle prend en charge, par l\u2019utilisation ... Read more\" \/>\n<meta property=\"og:url\" content=\"https:\/\/www.construire.eu\/en\/\" \/>\n<meta property=\"og:site_name\" content=\"CONSTRUIRE\" \/>\n<meta property=\"article:modified_time\" content=\"2025-10-21T14:27:55+00:00\" \/>\n<meta property=\"og:image\" content=\"https:\/\/www.construire.eu\/wp-content\/uploads\/2025\/10\/intuitive-solutions-1024x626.jpg\" \/>\n<meta name=\"twitter:card\" content=\"summary_large_image\" \/>\n<meta name=\"twitter:label1\" content=\"Est. reading time\" \/>\n\t<meta name=\"twitter:data1\" content=\"2 minutes\" \/>\n<script type=\"application\/ld+json\" class=\"yoast-schema-graph\">{\"@context\":\"https:\/\/schema.org\",\"@graph\":[{\"@type\":\"WebPage\",\"@id\":\"https:\/\/www.construire.eu\/en\/\",\"url\":\"https:\/\/www.construire.eu\/en\/\",\"name\":\"Home - CONSTRUIRE\",\"isPartOf\":{\"@id\":\"https:\/\/www.construire.eu\/en\/#website\"},\"primaryImageOfPage\":{\"@id\":\"https:\/\/www.construire.eu\/en\/#primaryimage\"},\"image\":{\"@id\":\"https:\/\/www.construire.eu\/en\/#primaryimage\"},\"thumbnailUrl\":\"https:\/\/www.construire.eu\/wp-content\/uploads\/2025\/10\/intuitive-solutions-1024x626.jpg\",\"datePublished\":\"2021-07-18T01:05:21+00:00\",\"dateModified\":\"2025-10-21T14:27:55+00:00\",\"breadcrumb\":{\"@id\":\"https:\/\/www.construire.eu\/en\/#breadcrumb\"},\"inLanguage\":\"en-US\",\"potentialAction\":[{\"@type\":\"ReadAction\",\"target\":[\"https:\/\/www.construire.eu\/en\/\"]}]},{\"@type\":\"ImageObject\",\"inLanguage\":\"en-US\",\"@id\":\"https:\/\/www.construire.eu\/en\/#primaryimage\",\"url\":\"https:\/\/www.construire.eu\/wp-content\/uploads\/2025\/10\/intuitive-solutions-1024x626.jpg\",\"contentUrl\":\"https:\/\/www.construire.eu\/wp-content\/uploads\/2025\/10\/intuitive-solutions-1024x626.jpg\"},{\"@type\":\"BreadcrumbList\",\"@id\":\"https:\/\/www.construire.eu\/en\/#breadcrumb\",\"itemListElement\":[{\"@type\":\"ListItem\",\"position\":1,\"name\":\"Accueil\",\"item\":\"https:\/\/www.construire.eu\/en\/\"},{\"@type\":\"ListItem\",\"position\":2,\"name\":\"Home\"}]},{\"@type\":\"WebSite\",\"@id\":\"https:\/\/www.construire.eu\/en\/#website\",\"url\":\"https:\/\/www.construire.eu\/en\/\",\"name\":\"CONSTRUIRE\",\"description\":\"Engineering office\",\"publisher\":{\"@id\":\"https:\/\/www.construire.eu\/en\/#organization\"},\"potentialAction\":[{\"@type\":\"SearchAction\",\"target\":{\"@type\":\"EntryPoint\",\"urlTemplate\":\"https:\/\/www.construire.eu\/en\/?s={search_term_string}\"},\"query-input\":{\"@type\":\"PropertyValueSpecification\",\"valueRequired\":true,\"valueName\":\"search_term_string\"}}],\"inLanguage\":\"en-US\"},{\"@type\":\"Organization\",\"@id\":\"https:\/\/www.construire.eu\/en\/#organization\",\"name\":\"CONSTRUIRE\",\"url\":\"https:\/\/www.construire.eu\/en\/\",\"logo\":{\"@type\":\"ImageObject\",\"inLanguage\":\"en-US\",\"@id\":\"https:\/\/www.construire.eu\/en\/#\/schema\/logo\/image\/\",\"url\":\"https:\/\/www.construire.eu\/wp-content\/uploads\/2025\/10\/Signe-Construire.svg\",\"contentUrl\":\"https:\/\/www.construire.eu\/wp-content\/uploads\/2025\/10\/Signe-Construire.svg\",\"width\":197,\"height\":189,\"caption\":\"CONSTRUIRE\"},\"image\":{\"@id\":\"https:\/\/www.construire.eu\/en\/#\/schema\/logo\/image\/\"}}]}<\/script>\n<!-- \/ Yoast SEO plugin. -->","yoast_head_json":{"title":"Home - CONSTRUIRE","robots":{"index":"index","follow":"follow","max-snippet":"max-snippet:-1","max-image-preview":"max-image-preview:large","max-video-preview":"max-video-preview:-1"},"canonical":"https:\/\/www.construire.eu\/en\/","og_locale":"en_US","og_type":"article","og_title":"Home - CONSTRUIRE","og_description":"OptimizeThe Sizing of your geothermal system Optimize your geothermal projects with our innovative applications. Designed for engineers and consultants, our tools simplify the sizing of geothermal probe fields and groundwater doublets, ensuring efficiency, sustainability, and regulatory compliance. Multi-sector expertise L\u2019\u00e9quipe CONSTRUIRE optimise la qualit\u00e9 et la performance des projets qu\u2019elle prend en charge, par l\u2019utilisation ... Read more","og_url":"https:\/\/www.construire.eu\/en\/","og_site_name":"CONSTRUIRE","article_modified_time":"2025-10-21T14:27:55+00:00","og_image":[{"url":"https:\/\/www.construire.eu\/wp-content\/uploads\/2025\/10\/intuitive-solutions-1024x626.jpg","type":"","width":"","height":""}],"twitter_card":"summary_large_image","twitter_misc":{"Est. reading time":"2 minutes"},"schema":{"@context":"https:\/\/schema.org","@graph":[{"@type":"WebPage","@id":"https:\/\/www.construire.eu\/en\/","url":"https:\/\/www.construire.eu\/en\/","name":"Home - CONSTRUIRE","isPartOf":{"@id":"https:\/\/www.construire.eu\/en\/#website"},"primaryImageOfPage":{"@id":"https:\/\/www.construire.eu\/en\/#primaryimage"},"image":{"@id":"https:\/\/www.construire.eu\/en\/#primaryimage"},"thumbnailUrl":"https:\/\/www.construire.eu\/wp-content\/uploads\/2025\/10\/intuitive-solutions-1024x626.jpg","datePublished":"2021-07-18T01:05:21+00:00","dateModified":"2025-10-21T14:27:55+00:00","breadcrumb":{"@id":"https:\/\/www.construire.eu\/en\/#breadcrumb"},"inLanguage":"en-US","potentialAction":[{"@type":"ReadAction","target":["https:\/\/www.construire.eu\/en\/"]}]},{"@type":"ImageObject","inLanguage":"en-US","@id":"https:\/\/www.construire.eu\/en\/#primaryimage","url":"https:\/\/www.construire.eu\/wp-content\/uploads\/2025\/10\/intuitive-solutions-1024x626.jpg","contentUrl":"https:\/\/www.construire.eu\/wp-content\/uploads\/2025\/10\/intuitive-solutions-1024x626.jpg"},{"@type":"BreadcrumbList","@id":"https:\/\/www.construire.eu\/en\/#breadcrumb","itemListElement":[{"@type":"ListItem","position":1,"name":"Accueil","item":"https:\/\/www.construire.eu\/en\/"},{"@type":"ListItem","position":2,"name":"Home"}]},{"@type":"WebSite","@id":"https:\/\/www.construire.eu\/en\/#website","url":"https:\/\/www.construire.eu\/en\/","name":"CONSTRUIRE","description":"Engineering office","publisher":{"@id":"https:\/\/www.construire.eu\/en\/#organization"},"potentialAction":[{"@type":"SearchAction","target":{"@type":"EntryPoint","urlTemplate":"https:\/\/www.construire.eu\/en\/?s={search_term_string}"},"query-input":{"@type":"PropertyValueSpecification","valueRequired":true,"valueName":"search_term_string"}}],"inLanguage":"en-US"},{"@type":"Organization","@id":"https:\/\/www.construire.eu\/en\/#organization","name":"CONSTRUIRE","url":"https:\/\/www.construire.eu\/en\/","logo":{"@type":"ImageObject","inLanguage":"en-US","@id":"https:\/\/www.construire.eu\/en\/#\/schema\/logo\/image\/","url":"https:\/\/www.construire.eu\/wp-content\/uploads\/2025\/10\/Signe-Construire.svg","contentUrl":"https:\/\/www.construire.eu\/wp-content\/uploads\/2025\/10\/Signe-Construire.svg","width":197,"height":189,"caption":"CONSTRUIRE"},"image":{"@id":"https:\/\/www.construire.eu\/en\/#\/schema\/logo\/image\/"}}]}},"_links":{"self":[{"href":"https:\/\/www.construire.eu\/en\/wp-json\/wp\/v2\/pages\/1894","targetHints":{"allow":["GET"]}}],"collection":[{"href":"https:\/\/www.construire.eu\/en\/wp-json\/wp\/v2\/pages"}],"about":[{"href":"https:\/\/www.construire.eu\/en\/wp-json\/wp\/v2\/types\/page"}],"author":[{"embeddable":true,"href":"https:\/\/www.construire.eu\/en\/wp-json\/wp\/v2\/users\/1"}],"replies":[{"embeddable":true,"href":"https:\/\/www.construire.eu\/en\/wp-json\/wp\/v2\/comments?post=1894"}],"version-history":[{"count":13,"href":"https:\/\/www.construire.eu\/en\/wp-json\/wp\/v2\/pages\/1894\/revisions"}],"predecessor-version":[{"id":2206,"href":"https:\/\/www.construire.eu\/en\/wp-json\/wp\/v2\/pages\/1894\/revisions\/2206"}],"wp:attachment":[{"href":"https:\/\/www.construire.eu\/en\/wp-json\/wp\/v2\/media?parent=1894"}],"curies":[{"name":"wp","href":"https:\/\/api.w.org\/{rel}","templated":true}]}}